{"id":18,"date":"2024-09-24T15:36:53","date_gmt":"2024-09-24T15:36:53","guid":{"rendered":"https:\/\/arisoymimarlik.com\/?page_id=18"},"modified":"2024-12-02T22:50:08","modified_gmt":"2024-12-02T22:50:08","slug":"hakkimizda","status":"publish","type":"page","link":"https:\/\/arisoymimarlik.com\/index.php\/hakkimizda\/","title":{"rendered":"Hakk\u0131m\u0131zda"},"content":{"rendered":"\n<hr class=\"wp-block-separator has-alpha-channel-opacity\"\/>\n\n\n\n<div class=\"wp-block-columns is-layout-flex wp-container-core-columns-is-layout-9d6595d7 wp-block-columns-is-layout-flex\">\n<div class=\"wp-block-column is-layout-flow wp-block-column-is-layout-flow\"><\/div>\n\n\n\n<div class=\"wp-block-column is-layout-flow wp-block-column-is-layout-flow\"><\/div>\n<\/div>\n\n\n\n<p class=\"has-text-align-center\">Ar\u0131soy Mimarl\u0131k k\u00fc\u00e7\u00fck, orta ve b\u00fcy\u00fck \u00f6l\u00e7ekli mimari proje, in\u015faat, tadilat, harita ve altyap\u0131 faaliyetlerimizi,nitelikli i\u015f s\u00fcre\u00e7 takibi ve profesyonel i\u015f ahlak\u0131anlay\u0131\u015f\u0131m\u0131z e\u015fg\u00fcd\u00fcml\u00fc olarak \u00e7al\u0131\u015fma prensiplerimizintemelini olu\u015fturmaktad\u0131r. <\/p>\n\n\n\n<p class=\"has-text-align-center\">\u015eirket sorumlulu\u011fumuz ve i\u015f ahlak\u0131 anlay\u0131\u015f\u0131m\u0131z gere\u011fi proje y\u00f6netiminin teknikbilgi ile profesyonel i\u015f anlay\u0131\u015f\u0131n\u0131n bulu\u015fturulmas\u0131n\u0131 k\u0131ymetli buluyoruz.<\/p>\n\n\n\n<div class=\"wp-block-group alignfull\"><div class=\"wp-block-group__inner-container is-layout-constrained wp-block-group-is-layout-constrained\">\n<div class=\"wp-block-group alignfull\" style=\"padding-top:var(--wp--preset--spacing--70);padding-bottom:var(--wp--preset--spacing--70)\"><div class=\"wp-block-group__inner-container is-layout-constrained wp-block-group-is-layout-constrained\">\n<div class=\"wp-block-group alignwide\" style=\"padding-top:0;padding-bottom:var(--wp--preset--spacing--40);padding-left:0\"><div class=\"wp-block-group__inner-container is-layout-constrained wp-container-core-group-is-layout-1fd627a7 wp-block-group-is-layout-constrained\">\n<h2 class=\"wp-block-heading has-text-align-center\">Biz kimiz<\/h2>\n<\/div><\/div>\n\n\n\n<div class=\"wp-block-columns alignwide is-layout-flex wp-container-core-columns-is-layout-e855cbfe wp-block-columns-is-layout-flex\" style=\"padding-top:var(--wp--preset--spacing--30);padding-bottom:var(--wp--preset--spacing--30)\">\n<div class=\"wp-block-column is-layout-flow wp-block-column-is-layout-flow\">\n<div class=\"wp-block-cover has-custom-content-position is-position-bottom-center has-white-color has-text-color has-link-color wp-elements-f37806868d451a128b9d90837ab0ca3a wp-duotone-unset-1\" style=\"border-radius:12px;padding-top:var(--wp--preset--spacing--small);padding-right:var(--wp--preset--spacing--small);padding-bottom:var(--wp--preset--spacing--small);padding-left:var(--wp--preset--spacing--small);min-height:390px;aspect-ratio:unset;\"><span aria-hidden=\"true\" class=\"wp-block-cover__background has-background-dim\" style=\"background-color:#14345b\"><\/span><img loading=\"lazy\" decoding=\"async\" width=\"1200\" height=\"900\" class=\"wp-block-cover__image-background wp-image-68\" alt=\"\" src=\"https:\/\/arisoymimarlik.com\/wp-content\/uploads\/2024\/12\/EUTB3820.jpg\" data-object-fit=\"cover\" srcset=\"https:\/\/arisoymimarlik.com\/wp-content\/uploads\/2024\/12\/EUTB3820.jpg 1200w, https:\/\/arisoymimarlik.com\/wp-content\/uploads\/2024\/12\/EUTB3820-300x225.jpg 300w, https:\/\/arisoymimarlik.com\/wp-content\/uploads\/2024\/12\/EUTB3820-1024x768.jpg 1024w\" sizes=\"auto, (max-width: 1200px) 100vw, 1200px\" \/><div class=\"wp-block-cover__inner-container is-layout-constrained wp-container-core-cover-is-layout-57c0aed2 wp-block-cover-is-layout-constrained\">\n<p class=\"has-large-font-size\" style=\"font-style:normal;font-weight:700\">H\u0131zl\u0131<\/p>\n\n\n\n<p class=\"has-text-align-left has-small-font-size\">Zaman hepimiz i\u00e7in en \u00f6nemli etmendir.<\/p>\n<\/div><\/div>\n<\/div>\n\n\n\n<div class=\"wp-block-column is-layout-flow wp-block-column-is-layout-flow\">\n<div class=\"wp-block-cover has-custom-content-position is-position-bottom-center has-white-color has-text-color has-link-color wp-elements-42c24a39edfff54c7f4801cfb01a127e wp-duotone-unset-2\" style=\"border-radius:12px;padding-top:var(--wp--preset--spacing--small);padding-right:var(--wp--preset--spacing--small);padding-bottom:var(--wp--preset--spacing--small);padding-left:var(--wp--preset--spacing--small);min-height:390px;aspect-ratio:unset;\"><span aria-hidden=\"true\" class=\"wp-block-cover__background has-background-dim\" style=\"background-color:#14345b\"><\/span><img loading=\"lazy\" decoding=\"async\" width=\"1920\" height=\"1080\" class=\"wp-block-cover__image-background wp-image-70\" alt=\"\" src=\"https:\/\/arisoymimarlik.com\/wp-content\/uploads\/2024\/12\/genaodasc2.jpg\" data-object-fit=\"cover\" srcset=\"https:\/\/arisoymimarlik.com\/wp-content\/uploads\/2024\/12\/genaodasc2.jpg 1920w, https:\/\/arisoymimarlik.com\/wp-content\/uploads\/2024\/12\/genaodasc2-300x169.jpg 300w, https:\/\/arisoymimarlik.com\/wp-content\/uploads\/2024\/12\/genaodasc2-1024x576.jpg 1024w\" sizes=\"auto, (max-width: 1920px) 100vw, 1920px\" \/><div class=\"wp-block-cover__inner-container is-layout-constrained wp-container-core-cover-is-layout-57c0aed2 wp-block-cover-is-layout-constrained\">\n<p class=\"has-large-font-size\" style=\"font-style:normal;font-weight:700\">Yarat\u0131c\u0131.<\/p>\n\n\n\n<p class=\"has-text-align-left has-small-font-size\">Yarat\u0131c\u0131 d\u00fc\u015f\u00fcnceler ile tasar\u0131mlar\u0131m\u0131z\u0131 destekliyoruz.<\/p>\n<\/div><\/div>\n<\/div>\n\n\n\n<div class=\"wp-block-column is-layout-flow wp-block-column-is-layout-flow\">\n<div class=\"wp-block-cover has-custom-content-position is-position-bottom-center has-white-color has-text-color has-link-color wp-elements-ee84ebcacac62e4416ecca542dde9c05 wp-duotone-unset-3\" style=\"border-radius:12px;padding-top:var(--wp--preset--spacing--small);padding-right:var(--wp--preset--spacing--small);padding-bottom:var(--wp--preset--spacing--small);padding-left:var(--wp--preset--spacing--small);min-height:390px;aspect-ratio:unset;\"><span aria-hidden=\"true\" class=\"wp-block-cover__background has-background-dim\" style=\"background-color:#14345b\"><\/span><img loading=\"lazy\" decoding=\"async\" width=\"1920\" height=\"1080\" class=\"wp-block-cover__image-background wp-image-76\" alt=\"\" src=\"https:\/\/arisoymimarlik.com\/wp-content\/uploads\/2024\/12\/idaribinatasarcmc1.jpg\" data-object-fit=\"cover\" srcset=\"https:\/\/arisoymimarlik.com\/wp-content\/uploads\/2024\/12\/idaribinatasarcmc1.jpg 1920w, https:\/\/arisoymimarlik.com\/wp-content\/uploads\/2024\/12\/idaribinatasarcmc1-300x169.jpg 300w, https:\/\/arisoymimarlik.com\/wp-content\/uploads\/2024\/12\/idaribinatasarcmc1-1024x576.jpg 1024w\" sizes=\"auto, (max-width: 1920px) 100vw, 1920px\" \/><div class=\"wp-block-cover__inner-container is-layout-constrained wp-container-core-cover-is-layout-57c0aed2 wp-block-cover-is-layout-constrained\">\n<p class=\"has-large-font-size\" style=\"font-style:normal;font-weight:700\">C\u00f6z\u00fcm Odakl\u0131.<\/p>\n\n\n\n<p class=\"has-text-align-left has-small-font-size\">\u00c7\u00f6z\u00fcm odakl\u0131 fikirler ile sizlerin ihtiya\u00e7lar\u0131n\u0131 kar\u015f\u0131l\u0131yoruz.<\/p>\n<\/div><\/div>\n<\/div>\n\n\n\n<div class=\"wp-block-column is-layout-flow wp-block-column-is-layout-flow\">\n<div class=\"wp-block-cover has-custom-content-position is-position-bottom-center has-white-color has-text-color has-link-color wp-elements-729e7c9c3b2a9b7396d97f0fe104f5e5 wp-duotone-grayscale\" style=\"border-radius:12px;padding-top:var(--wp--preset--spacing--small);padding-right:var(--wp--preset--spacing--small);padding-bottom:var(--wp--preset--spacing--small);padding-left:var(--wp--preset--spacing--small);min-height:390px;aspect-ratio:unset;\"><span aria-hidden=\"true\" class=\"wp-block-cover__background has-background-dim\" style=\"background-color:#14345b\"><\/span><img loading=\"lazy\" decoding=\"async\" width=\"1200\" height=\"900\" class=\"wp-block-cover__image-background wp-image-64\" alt=\"\" src=\"https:\/\/arisoymimarlik.com\/wp-content\/uploads\/2024\/12\/1-3.jpeg\" data-object-fit=\"cover\" srcset=\"https:\/\/arisoymimarlik.com\/wp-content\/uploads\/2024\/12\/1-3.jpeg 1200w, https:\/\/arisoymimarlik.com\/wp-content\/uploads\/2024\/12\/1-3-300x225.jpeg 300w, https:\/\/arisoymimarlik.com\/wp-content\/uploads\/2024\/12\/1-3-1024x768.jpeg 1024w\" sizes=\"auto, (max-width: 1200px) 100vw, 1200px\" \/><div class=\"wp-block-cover__inner-container is-layout-constrained wp-container-core-cover-is-layout-57c0aed2 wp-block-cover-is-layout-constrained\">\n<p class=\"has-large-font-size\" style=\"font-style:normal;font-weight:700\">Kullan\u0131\u015fl\u0131.<\/p>\n\n\n\n<p class=\"has-text-align-left has-small-font-size\">Ya\u015fam veya \u00e7al\u0131\u015fma alan\u0131n\u0131z\u0131 daha kullan\u0131\u015fl\u0131 hale getiriyoruz.<\/p>\n<\/div><\/div>\n<\/div>\n<\/div>\n<\/div><\/div>\n<\/div><\/div>\n\n\n\n<div class=\"wp-block-cover alignfull is-light has-kenta-accent-active-color has-text-color has-link-color wp-elements-3abab9d6c44e458ef5d2ce5aa06cd643\" style=\"margin-top:0;margin-bottom:0;padding-top:var(--wp--preset--spacing--xx-large);padding-bottom:var(--wp--preset--spacing--xx-large)\"><span aria-hidden=\"true\" class=\"wp-block-cover__background has-kenta-base-background-color has-background-dim-0 has-background-dim\"><\/span><div class=\"wp-block-cover__inner-container is-layout-constrained wp-block-cover-is-layout-constrained\">\n<div class=\"wp-block-group alignwide\"><div class=\"wp-block-group__inner-container is-layout-flow wp-block-group-is-layout-flow\">\n<div class=\"wp-block-columns is-layout-flex wp-container-core-columns-is-layout-9d6595d7 wp-block-columns-is-layout-flex\">\n<div class=\"wp-block-column is-layout-flow wp-block-column-is-layout-flow\">\n<h3 class=\"wp-block-heading\" style=\"text-transform:capitalize\">Vizyonumuz<\/h3>\n\n\n\n<p>Ar\u0131soy Mimarl\u0131k olarak vizyonumuz \u00fclkemizin t\u00fcm alanlar\u0131nda sekt\u00f6rel bazda hedeflenen t\u00fcm mimari faaliyet projelerinde ilkesel i\u015f y\u00f6netim anlay\u0131\u015f\u0131 ve teknik donan\u0131m\u0131 ile \u00f6nc\u00fc olmak ve tecr\u00fcbe ile bilgi uyumunu \u00e7al\u0131\u015fma anlay\u0131\u015f\u0131m\u0131z\u0131n oda\u011f\u0131nda tuttu\u011fumuz hizmet kalitesi anlay\u0131\u015f\u0131m\u0131z\u0131 kurumsal hedeflerimizde s\u00fcrd\u00fcr\u00fclebilir k\u0131lmakt\u0131r.<\/p>\n\n\n\n<p> Finansal, zamansal ve mek\u00e2nsal olmak \u00fczere i\u015f tan\u0131m\u0131m\u0131za uygun bir bi\u00e7imde i\u015f y\u00fcr\u00fctme s\u00fcrecinin tamam\u0131na hakim etkin ve verimli i\u015fin kaliteli \u00e7\u0131kt\u0131lar ile sonu\u00e7land\u0131r\u0131lmas\u0131 vizyonumuzun ayr\u0131lmaz bir par\u00e7as\u0131d\u0131r.<\/p>\n<\/div>\n\n\n\n<div class=\"wp-block-column is-layout-flow wp-block-column-is-layout-flow\">\n<h3 class=\"wp-block-heading\">Misyonumuz<\/h3>\n\n\n\n<p>Misyonumuz; kurumsal kimli\u011fimizde bir katman olarak tan\u0131mlad\u0131\u011f\u0131m\u0131z her bir kriterin modern i\u015f anlay\u0131\u015f\u0131na uyumlu, profesyonel kadromuz ile s\u00fcrecin her bir ad\u0131m\u0131nda efektif \u00e7\u00f6z\u00fcm \u00fcretme kabiliyetini geli\u015ftiren, etik anlay\u0131\u015f\u0131m\u0131zla teknik bilgi ve tecr\u00fcbenin bir arada olmas\u0131n\u0131 sa\u011flamakt\u0131r.<\/p>\n<\/div>\n<\/div>\n<\/div><\/div>\n<\/div><\/div>\n\n\n\n<p><\/p>\n","protected":false},"excerpt":{"rendered":"<p>Ar\u0131soy Mimarl\u0131k k\u00fc\u00e7\u00fck, orta ve b\u00fcy\u00fck \u00f6l\u00e7ekli mimari proje, in\u015faat, tadilat, harita ve [&hellip;]<\/p>\n","protected":false},"author":1,"featured_media":0,"parent":0,"menu_order":0,"comment_status":"closed","ping_status":"closed","template":"","meta":{"footnotes":""},"class_list":["post-18","page","type-page","status-publish","hentry"],"_links":{"self":[{"href":"https:\/\/arisoymimarlik.com\/index.php\/wp-json\/wp\/v2\/pages\/18","targetHints":{"allow":["GET"]}}],"collection":[{"href":"https:\/\/arisoymimarlik.com\/index.php\/wp-json\/wp\/v2\/pages"}],"about":[{"href":"https:\/\/arisoymimarlik.com\/index.php\/wp-json\/wp\/v2\/types\/page"}],"author":[{"embeddable":true,"href":"https:\/\/arisoymimarlik.com\/index.php\/wp-json\/wp\/v2\/users\/1"}],"replies":[{"embeddable":true,"href":"https:\/\/arisoymimarlik.com\/index.php\/wp-json\/wp\/v2\/comments?post=18"}],"version-history":[{"count":8,"href":"https:\/\/arisoymimarlik.com\/index.php\/wp-json\/wp\/v2\/pages\/18\/revisions"}],"predecessor-version":[{"id":167,"href":"https:\/\/arisoymimarlik.com\/index.php\/wp-json\/wp\/v2\/pages\/18\/revisions\/167"}],"wp:attachment":[{"href":"https:\/\/arisoymimarlik.com\/index.php\/wp-json\/wp\/v2\/media?parent=18"}],"curies":[{"name":"wp","href":"https:\/\/api.w.org\/{rel}","templated":true}]}}